{"id":6,"date":"2019-04-07T14:57:54","date_gmt":"2019-04-07T11:57:54","guid":{"rendered":"https:\/\/www.idnetwork.eu\/?page_id=6"},"modified":"2023-12-11T19:23:58","modified_gmt":"2023-12-11T17:23:58","slug":"home","status":"publish","type":"page","link":"https:\/\/www.idnetwork.eu\/et\/","title":{"rendered":"Kodu"},"content":{"rendered":"<div data-elementor-type=\"wp-post\" data-elementor-id=\"6\" class=\"elementor elementor-6\">\n\t\t\t\t\t\t<div class=\"elementor-inner\">\n\t\t\t\t<div class=\"elementor-section-wrap\">\n\t\t\t\t\t\t\t\t\t<section class=\"elementor-section elementor-top-section elementor-element elementor-element-63475a7 elementor-section-full_width elementor-section-height-default elementor-section-height-default\" data-id=\"63475a7\" data-element_type=\"section\" data-settings=\"{&quot;background_background&quot;:&quot;classic&quot;}\">\n\t\t\t\t\t\t\t<div class=\"elementor-background-overlay\"><\/div>\n\t\t\t\t\t\t\t<div class=\"elementor-container elementor-column-gap-no\">\n\t\t\t\t\t\t\t<div class=\"elementor-row\">\n\t\t\t\t\t<div class=\"elementor-column elementor-col-100 elementor-top-column elementor-element elementor-element-32130e3\" data-id=\"32130e3\" data-element_type=\"column\">\n\t\t\t<div class=\"elementor-column-wrap elementor-element-populated\">\n\t\t\t\t\t\t\t<div class=\"elementor-widget-wrap\">\n\t\t\t\t\t\t<section class=\"elementor-section elementor-inner-section elementor-element elementor-element-a05d41b elementor-section-full_width elementor-section-height-default elementor-section-height-default\" data-id=\"a05d41b\" data-element_type=\"section\">\n\t\t\t\t\t\t<div class=\"elementor-container elementor-column-gap-no\">\n\t\t\t\t\t\t\t<div class=\"elementor-row\">\n\t\t\t\t\t<div class=\"elementor-column elementor-col-100 elementor-inner-column elementor-element elementor-element-09ab4d6\" data-id=\"09ab4d6\" data-element_type=\"column\">\n\t\t\t<div class=\"elementor-column-wrap elementor-element-populated\">\n\t\t\t\t\t\t\t<div class=\"elementor-widget-wrap\">\n\t\t\t\t\t\t<div class=\"elementor-element elementor-element-c99592a elementor-invisible elementor-widget elementor-widget-image\" data-id=\"c99592a\" data-element_type=\"widget\" data-settings=\"{&quot;_animation&quot;:&quot;fadeIn&quot;}\" data-widget_type=\"image.default\">\n\t\t\t\t<div class=\"elementor-widget-container\">\n\t\t\t\t\t\t\t\t<div class=\"elementor-image\">\n\t\t\t\t\t\t\t\t\t\t\t\t<img width=\"1280\" height=\"196\" src=\"https:\/\/www.idnetwork.eu\/wp-content\/uploads\/logo-id-network-01-intro.png\" class=\"attachment-full size-full wp-image-191\" alt=\"\" loading=\"lazy\" srcset=\"https:\/\/www.idnetwork.eu\/wp-content\/uploads\/logo-id-network-01-intro.png 1280w, https:\/\/www.idnetwork.eu\/wp-content\/uploads\/logo-id-network-01-intro-640x98.png 640w, https:\/\/www.idnetwork.eu\/wp-content\/uploads\/logo-id-network-01-intro-768x118.png 768w\" sizes=\"(max-width: 1280px) 100vw, 1280px\" \/>\t\t\t\t\t\t\t\t\t\t\t\t\t\t<\/div>\n\t\t\t\t\t\t<\/div>\n\t\t\t\t<\/div>\n\t\t\t\t<div class=\"elementor-element elementor-element-89dfea6 elementor-widget elementor-widget-spacer\" data-id=\"89dfea6\" data-element_type=\"widget\" data-widget_type=\"spacer.default\">\n\t\t\t\t<div class=\"elementor-widget-container\">\n\t\t\t\t\t<div class=\"elementor-spacer\">\n\t\t\t<div class=\"elementor-spacer-inner\"><\/div>\n\t\t<\/div>\n\t\t\t\t<\/div>\n\t\t\t\t<\/div>\n\t\t\t\t<div class=\"elementor-element elementor-element-1f882fb wb-h animated-slow elementor-invisible elementor-widget elementor-widget-heading\" data-id=\"1f882fb\" data-element_type=\"widget\" data-settings=\"{&quot;_animation&quot;:&quot;fadeInUp&quot;}\" data-widget_type=\"heading.default\">\n\t\t\t\t<div class=\"elementor-widget-container\">\n\t\t\t<h1 class=\"elementor-heading-title elementor-size-default\">Pilvelahendused<\/h1>\t\t<\/div>\n\t\t\t\t<\/div>\n\t\t\t\t\t\t<\/div>\n\t\t\t\t\t<\/div>\n\t\t<\/div>\n\t\t\t\t\t\t\t\t<\/div>\n\t\t\t\t\t<\/div>\n\t\t<\/section>\n\t\t\t\t\t\t<\/div>\n\t\t\t\t\t<\/div>\n\t\t<\/div>\n\t\t\t\t\t\t\t\t<\/div>\n\t\t\t\t\t<\/div>\n\t\t<\/section>\n\t\t\t\t<section class=\"elementor-section elementor-top-section elementor-element elementor-element-8d79343 elementor-section-boxed elementor-section-height-default elementor-section-height-default\" data-id=\"8d79343\" data-element_type=\"section\" data-settings=\"{&quot;background_background&quot;:&quot;classic&quot;}\">\n\t\t\t\t\t\t<div class=\"elementor-container elementor-column-gap-no\">\n\t\t\t\t\t\t\t<div class=\"elementor-row\">\n\t\t\t\t\t<div class=\"elementor-column elementor-col-33 elementor-top-column elementor-element elementor-element-38ff4c0\" data-id=\"38ff4c0\" data-element_type=\"column\">\n\t\t\t<div class=\"elementor-column-wrap elementor-element-populated\">\n\t\t\t\t\t\t\t<div class=\"elementor-widget-wrap\">\n\t\t\t\t\t\t<div class=\"elementor-element elementor-element-930bf2a elementor-invisible elementor-widget elementor-widget-image\" data-id=\"930bf2a\" data-element_type=\"widget\" data-settings=\"{&quot;_animation&quot;:&quot;fadeIn&quot;}\" data-widget_type=\"image.default\">\n\t\t\t\t<div class=\"elementor-widget-container\">\n\t\t\t\t\t\t\t\t<div class=\"elementor-image\">\n\t\t\t\t\t\t\t\t\t\t\t\t<img width=\"120\" height=\"71\" src=\"https:\/\/www.idnetwork.eu\/wp-content\/uploads\/icon-id-network-new-01.png\" class=\"attachment-full size-full wp-image-278\" alt=\"\" loading=\"lazy\" \/>\t\t\t\t\t\t\t\t\t\t\t\t\t\t<\/div>\n\t\t\t\t\t\t<\/div>\n\t\t\t\t<\/div>\n\t\t\t\t\t\t<\/div>\n\t\t\t\t\t<\/div>\n\t\t<\/div>\n\t\t\t\t<div class=\"elementor-column elementor-col-33 elementor-top-column elementor-element elementor-element-d491822\" data-id=\"d491822\" data-element_type=\"column\">\n\t\t\t<div class=\"elementor-column-wrap elementor-element-populated\">\n\t\t\t\t\t\t\t<div class=\"elementor-widget-wrap\">\n\t\t\t\t\t\t<div class=\"elementor-element elementor-element-b3d7dde wb-h elementor-widget elementor-widget-heading\" data-id=\"b3d7dde\" data-element_type=\"widget\" data-widget_type=\"heading.default\">\n\t\t\t\t<div class=\"elementor-widget-container\">\n\t\t\t<h2 class=\"elementor-heading-title elementor-size-default\">Pidevalt areneval tehnoloogilise innovatsiooni maastikul on ID Network muutuste esirinnas. Meie p\u00fchendumus kaasaegse tehnoloogia v\u00f5imsuse kasutamisele avab uksed mobiilsete ja digitaalsete lahenduste maailma. See, mis kunagi tundus ulmena, on n\u00fc\u00fcdseks meie igap\u00e4evaelu lahutamatu osa.\nAvastage hulk v\u00f5imalusi, mis kunagi \u00fcletasid kujutlusv\u00f5imet. Oleme ID Networkis p\u00fchendunud k\u00f5rgendatud turvalisuse tagamisele ja v\u00f5imaluste edendamisele k\u00f5ikjal \u2013 olgu selleks usinad t\u00f6\u00f6tajad, visiooniga t\u00f6\u00f6andjad, d\u00fcnaamilised institutsioonid v\u00f5i edumeelsed riigi- ja eraettev\u00f5tted.\nAlustage meiega teekonda tulevikku, kus tehnoloogia p\u00f5imub sujuvalt reaalsusega, luues \u00fchenduvuse ja turvalisuse s\u00fcnergia.<\/h2>\t\t<\/div>\n\t\t\t\t<\/div>\n\t\t\t\t\t\t<\/div>\n\t\t\t\t\t<\/div>\n\t\t<\/div>\n\t\t\t\t<div class=\"elementor-column elementor-col-33 elementor-top-column elementor-element elementor-element-0d9c4fe elementor-hidden-tablet elementor-hidden-phone\" data-id=\"0d9c4fe\" data-element_type=\"column\">\n\t\t\t<div class=\"elementor-column-wrap elementor-element-populated\">\n\t\t\t\t\t\t\t<div class=\"elementor-widget-wrap\">\n\t\t\t\t\t\t<div class=\"elementor-element elementor-element-482e560 animated-slow elementor-invisible elementor-widget elementor-widget-image\" data-id=\"482e560\" data-element_type=\"widget\" data-settings=\"{&quot;_animation&quot;:&quot;fadeIn&quot;}\" data-widget_type=\"image.default\">\n\t\t\t\t<div class=\"elementor-widget-container\">\n\t\t\t\t\t\t\t\t<div class=\"elementor-image\">\n\t\t\t\t\t\t\t\t\t\t\t\t<img width=\"240\" height=\"288\" src=\"https:\/\/www.idnetwork.eu\/wp-content\/uploads\/icon-id-network-area-01.png\" class=\"attachment-full size-full wp-image-201\" alt=\"\" loading=\"lazy\" \/>\t\t\t\t\t\t\t\t\t\t\t\t\t\t<\/div>\n\t\t\t\t\t\t<\/div>\n\t\t\t\t<\/div>\n\t\t\t\t\t\t<\/div>\n\t\t\t\t\t<\/div>\n\t\t<\/div>\n\t\t\t\t\t\t\t\t<\/div>\n\t\t\t\t\t<\/div>\n\t\t<\/section>\n\t\t\t\t<section class=\"elementor-section elementor-top-section elementor-element elementor-element-6dfa664 elementor-section-boxed elementor-section-height-default elementor-section-height-default\" data-id=\"6dfa664\" data-element_type=\"section\" data-settings=\"{&quot;background_background&quot;:&quot;classic&quot;}\">\n\t\t\t\t\t\t<div class=\"elementor-container elementor-column-gap-no\">\n\t\t\t\t\t\t\t<div class=\"elementor-row\">\n\t\t\t\t\t<div class=\"elementor-column elementor-col-100 elementor-top-column elementor-element elementor-element-6fbcc5a\" data-id=\"6fbcc5a\" data-element_type=\"column\">\n\t\t\t<div class=\"elementor-column-wrap elementor-element-populated\">\n\t\t\t\t\t\t\t<div class=\"elementor-widget-wrap\">\n\t\t\t\t\t\t<section class=\"elementor-section elementor-inner-section elementor-element elementor-element-1035d1a elementor-section-full_width elementor-section-height-default elementor-section-height-default\" data-id=\"1035d1a\" data-element_type=\"section\">\n\t\t\t\t\t\t<div class=\"elementor-container elementor-column-gap-no\">\n\t\t\t\t\t\t\t<div class=\"elementor-row\">\n\t\t\t\t\t<div class=\"elementor-column elementor-col-100 elementor-inner-column elementor-element elementor-element-165eba5\" data-id=\"165eba5\" data-element_type=\"column\">\n\t\t\t<div class=\"elementor-column-wrap elementor-element-populated\">\n\t\t\t\t\t\t\t<div class=\"elementor-widget-wrap\">\n\t\t\t\t\t\t<div class=\"elementor-element elementor-element-810d73e wb-h elementor-widget elementor-widget-heading\" data-id=\"810d73e\" data-element_type=\"widget\" data-widget_type=\"heading.default\">\n\t\t\t\t<div class=\"elementor-widget-container\">\n\t\t\t<h2 class=\"elementor-heading-title elementor-size-default\"><a href=\"https:\/\/sys.idnetwork.eu\/user\/login\" target=\"_blank\">ID Network konto haldamiseks logige sisse turvalisse juhtpaneeli<\/a><\/h2>\t\t<\/div>\n\t\t\t\t<\/div>\n\t\t\t\t<div class=\"elementor-element elementor-element-05e9531 elementor-widget elementor-widget-spacer\" data-id=\"05e9531\" data-element_type=\"widget\" data-widget_type=\"spacer.default\">\n\t\t\t\t<div class=\"elementor-widget-container\">\n\t\t\t\t\t<div class=\"elementor-spacer\">\n\t\t\t<div class=\"elementor-spacer-inner\"><\/div>\n\t\t<\/div>\n\t\t\t\t<\/div>\n\t\t\t\t<\/div>\n\t\t\t\t<div class=\"elementor-element elementor-element-8766858 animated-slow elementor-invisible elementor-widget elementor-widget-image\" data-id=\"8766858\" data-element_type=\"widget\" data-settings=\"{&quot;_animation&quot;:&quot;fadeIn&quot;}\" data-widget_type=\"image.default\">\n\t\t\t\t<div class=\"elementor-widget-container\">\n\t\t\t\t\t\t\t\t<div class=\"elementor-image\">\n\t\t\t\t\t\t\t\t\t\t\t\t\t<a href=\"https:\/\/sys.idnetwork.eu\/user\/login\" target=\"_blank\">\n\t\t\t\t\t\t\t<img width=\"240\" height=\"261\" src=\"https:\/\/www.idnetwork.eu\/wp-content\/uploads\/icon-id-network-area-02.png\" class=\"attachment-full size-full wp-image-202\" alt=\"\" loading=\"lazy\" \/>\t\t\t\t\t\t\t\t<\/a>\n\t\t\t\t\t\t\t\t\t\t\t\t\t\t<\/div>\n\t\t\t\t\t\t<\/div>\n\t\t\t\t<\/div>\n\t\t\t\t\t\t<\/div>\n\t\t\t\t\t<\/div>\n\t\t<\/div>\n\t\t\t\t\t\t\t\t<\/div>\n\t\t\t\t\t<\/div>\n\t\t<\/section>\n\t\t\t\t\t\t<\/div>\n\t\t\t\t\t<\/div>\n\t\t<\/div>\n\t\t\t\t\t\t\t\t<\/div>\n\t\t\t\t\t<\/div>\n\t\t<\/section>\n\t\t\t\t\t\t\t\t\t<\/div>\n\t\t\t<\/div>\n\t\t\t\t\t<\/div>","protected":false},"excerpt":{"rendered":"<p>Cloud Solutions Welcome to ID Network \u2013 Pioneering Tomorrow&#8217;s Connections! In the ever-evolving landscape of technological innovation, ID Network stands at the forefront of change. Our commitment to harnessing the power of modern technology opens doors to a world of mobile and digital solutions. What once seemed like science fiction is now an integral part &hellip;<\/p>\n<p class=\"read-more\"> <a class=\"\" href=\"https:\/\/www.idnetwork.eu\/et\/\"> <span class=\"screen-reader-text\">Kodu<\/span> Read More &raquo;<\/a><\/p>","protected":false},"author":1,"featured_media":0,"parent":0,"menu_order":0,"comment_status":"closed","ping_status":"closed","template":"","meta":{"_lmt_disableupdate":"no","_lmt_disable":"","site-sidebar-layout":"no-sidebar","site-content-layout":"page-builder","ast-global-header-display":"","ast-main-header-display":"","ast-hfb-above-header-display":"","ast-hfb-below-header-display":"","ast-hfb-mobile-header-display":"","site-post-title":"disabled","ast-breadcrumbs-content":"","ast-featured-img":"disabled","footer-sml-layout":"","theme-transparent-header-meta":"default","adv-header-id-meta":"","stick-header-meta":"","header-above-stick-meta":"","header-main-stick-meta":"","header-below-stick-meta":""},"categories":[],"tags":[],"aioseo_notices":[],"_links":{"self":[{"href":"https:\/\/www.idnetwork.eu\/et\/wp-json\/wp\/v2\/pages\/6"}],"collection":[{"href":"https:\/\/www.idnetwork.eu\/et\/wp-json\/wp\/v2\/pages"}],"about":[{"href":"https:\/\/www.idnetwork.eu\/et\/wp-json\/wp\/v2\/types\/page"}],"author":[{"embeddable":true,"href":"https:\/\/www.idnetwork.eu\/et\/wp-json\/wp\/v2\/users\/1"}],"replies":[{"embeddable":true,"href":"https:\/\/www.idnetwork.eu\/et\/wp-json\/wp\/v2\/comments?post=6"}],"version-history":[{"count":15,"href":"https:\/\/www.idnetwork.eu\/et\/wp-json\/wp\/v2\/pages\/6\/revisions"}],"predecessor-version":[{"id":20147,"href":"https:\/\/www.idnetwork.eu\/et\/wp-json\/wp\/v2\/pages\/6\/revisions\/20147"}],"wp:attachment":[{"href":"https:\/\/www.idnetwork.eu\/et\/wp-json\/wp\/v2\/media?parent=6"}],"wp:term":[{"taxonomy":"category","embeddable":true,"href":"https:\/\/www.idnetwork.eu\/et\/wp-json\/wp\/v2\/categories?post=6"},{"taxonomy":"post_tag","embeddable":true,"href":"https:\/\/www.idnetwork.eu\/et\/wp-json\/wp\/v2\/tags?post=6"}],"curies":[{"name":"wp","href":"https:\/\/api.w.org\/{rel}","templated":true}]}}