{"id":1758,"date":"2022-04-12T14:35:28","date_gmt":"2022-04-12T11:35:28","guid":{"rendered":"https:\/\/www.idnetwork.eu\/?page_id=1758"},"modified":"2025-05-13T10:35:00","modified_gmt":"2025-05-13T08:35:00","slug":"opilase-registreerimine","status":"publish","type":"page","link":"https:\/\/www.idnetwork.eu\/et\/opilase-registreerimine\/","title":{"rendered":"\u00d5pilase registreerimine"},"content":{"rendered":"<div data-elementor-type=\"wp-post\" data-elementor-id=\"1758\" class=\"elementor elementor-1758\">\n\t\t\t\t\t\t<div class=\"elementor-inner\">\n\t\t\t\t<div class=\"elementor-section-wrap\">\n\t\t\t\t\t\t\t\t\t<section class=\"elementor-section elementor-top-section elementor-element elementor-element-11a5c13 elementor-section-full_width elementor-section-height-default elementor-section-height-default\" data-id=\"11a5c13\" data-element_type=\"section\">\n\t\t\t\t\t\t<div class=\"elementor-container elementor-column-gap-no\">\n\t\t\t\t\t\t\t<div class=\"elementor-row\">\n\t\t\t\t\t<div class=\"elementor-column elementor-col-100 elementor-top-column elementor-element elementor-element-e024295\" data-id=\"e024295\" data-element_type=\"column\">\n\t\t\t<div class=\"elementor-column-wrap elementor-element-populated\">\n\t\t\t\t\t\t\t<div class=\"elementor-widget-wrap\">\n\t\t\t\t\t\t<section class=\"elementor-section elementor-inner-section elementor-element elementor-element-0dff3bd elementor-section-boxed elementor-section-height-default elementor-section-height-default\" data-id=\"0dff3bd\" data-element_type=\"section\">\n\t\t\t\t\t\t<div class=\"elementor-container elementor-column-gap-default\">\n\t\t\t\t\t\t\t<div class=\"elementor-row\">\n\t\t\t\t\t<div class=\"elementor-column elementor-col-100 elementor-inner-column elementor-element elementor-element-3539d6b\" data-id=\"3539d6b\" data-element_type=\"column\">\n\t\t\t<div class=\"elementor-column-wrap elementor-element-populated\">\n\t\t\t\t\t\t\t<div class=\"elementor-widget-wrap\">\n\t\t\t\t\t\t<div class=\"elementor-element elementor-element-e900802 wb-h elementor-widget elementor-widget-heading\" data-id=\"e900802\" data-element_type=\"widget\" data-widget_type=\"heading.default\">\n\t\t\t\t<div class=\"elementor-widget-container\">\n\t\t\t<h2 class=\"elementor-heading-title elementor-size-default\">\u00d5pilase registreerimine<\/h2>\t\t<\/div>\n\t\t\t\t<\/div>\n\t\t\t\t<div class=\"elementor-element elementor-element-a30f9dd elementor-button-align-stretch elementor-widget elementor-widget-form\" data-id=\"a30f9dd\" data-element_type=\"widget\" data-settings=\"{&quot;step_next_label&quot;:&quot;Next&quot;,&quot;step_previous_label&quot;:&quot;Previous&quot;,&quot;button_width&quot;:&quot;100&quot;,&quot;step_type&quot;:&quot;number_text&quot;,&quot;step_icon_shape&quot;:&quot;circle&quot;}\" data-widget_type=\"form.default\">\n\t\t\t\t<div class=\"elementor-widget-container\">\n\t\t\t\t\t<form class=\"elementor-form\" method=\"post\" name=\"Student registration\" action=\"\">\n\t\t\t<input type=\"hidden\" name=\"post_id\" value=\"1758\"\/>\n\t\t\t<input type=\"hidden\" name=\"form_id\" value=\"a30f9dd\"\/>\n\t\t\t<input type=\"hidden\" name=\"referer_title\" value=\"\" \/>\n\n\t\t\t\n\t\t\t<div class=\"elementor-form-fields-wrapper elementor-labels-above\">\n\t\t\t\t\t\t\t\t<div class=\"elementor-field-type-text elementor-field-group elementor-column elementor-field-group-first_name elementor-col-100 elementor-field-required elementor-mark-required\">\n\t\t\t\t\t\t\t\t\t\t\t\t<label for=\"form-field-first_name\" class=\"elementor-field-label\">\n\t\t\t\t\t\t\t\tEesnimi\t\t\t\t\t\t\t<\/label>\n\t\t\t\t\t\t\t\t\t\t\t\t\t\t<input size=\"1\" type=\"text\" name=\"form_fields[first_name]\" id=\"form-field-first_name\" class=\"elementor-field elementor-size-md  elementor-field-textual\" required=\"required\" aria-required=\"true\">\n\t\t\t\t\t\t\t\t\t\t\t<\/div>\n\t\t\t\t\t\t\t\t<div class=\"elementor-field-type-text elementor-field-group elementor-column elementor-field-group-last_name elementor-col-100 elementor-field-required elementor-mark-required\">\n\t\t\t\t\t\t\t\t\t\t\t\t<label for=\"form-field-last_name\" class=\"elementor-field-label\">\n\t\t\t\t\t\t\t\tPerenimi\t\t\t\t\t\t\t<\/label>\n\t\t\t\t\t\t\t\t\t\t\t\t\t\t<input size=\"1\" type=\"text\" name=\"form_fields[last_name]\" id=\"form-field-last_name\" class=\"elementor-field elementor-size-md  elementor-field-textual\" required=\"required\" aria-required=\"true\">\n\t\t\t\t\t\t\t\t\t\t\t<\/div>\n\t\t\t\t\t\t\t\t<div class=\"elementor-field-type-text elementor-field-group elementor-column elementor-field-group-idcode elementor-col-100 elementor-field-required elementor-mark-required\">\n\t\t\t\t\t\t\t\t\t\t\t\t<label for=\"form-field-idcode\" class=\"elementor-field-label\">\n\t\t\t\t\t\t\t\tIsikukood\t\t\t\t\t\t\t<\/label>\n\t\t\t\t\t\t\t\t\t\t\t\t\t\t<input size=\"1\" type=\"text\" name=\"form_fields[idcode]\" id=\"form-field-idcode\" class=\"elementor-field elementor-size-md  elementor-field-textual\" required=\"required\" aria-required=\"true\">\n\t\t\t\t\t\t\t\t\t\t\t<\/div>\n\t\t\t\t\t\t\t\t<div class=\"elementor-field-type-select elementor-field-group elementor-column elementor-field-group-school elementor-col-100 elementor-field-required elementor-mark-required\">\n\t\t\t\t\t\t\t\t\t\t\t\t<label for=\"form-field-school\" class=\"elementor-field-label\">\n\t\t\t\t\t\t\t\tKool\t\t\t\t\t\t\t<\/label>\n\t\t\t\t\t\t\t\t<div class=\"elementor-field elementor-select-wrapper remove-before\">\n\t\t\t<div class=\"select-caret-down-wrapper\">\n\t\t\t\t<i aria-hidden=\"true\" class=\"eicon-caret-down\"><\/i>\t\t\t<\/div>\n\t\t\t<select name=\"form_fields[school]\" id=\"form-field-school\" class=\"elementor-field-textual elementor-size-md\" required=\"required\" aria-required=\"true\">\n\t\t\t\t\t\t\t\t\t<option value=\"\"><\/option>\n\t\t\t\t\t\t\t\t\t<option value=\"Avatud Kool\">Avatud Kool<\/option>\n\t\t\t\t\t\t\t\t\t<option value=\"Ehte Humanitaarg\u00fcmnaasium\">Ehte Humanitaarg\u00fcmnaasium<\/option>\n\t\t\t\t\t\t\t\t\t<option value=\"Gustav Adolfi G\u00fcmnaasium\">Gustav Adolfi G\u00fcmnaasium<\/option>\n\t\t\t\t\t\t\t\t\t<option value=\"Haabersti Vene G\u00fcmnaasium\">Haabersti Vene G\u00fcmnaasium<\/option>\n\t\t\t\t\t\t\t\t\t<option value=\"Hiiu Kool\">Hiiu Kool<\/option>\n\t\t\t\t\t\t\t\t\t<option value=\"Jakob Westholmi G\u00fcmnaasium\">Jakob Westholmi G\u00fcmnaasium<\/option>\n\t\t\t\t\t\t\t\t\t<option value=\"J\u00e4rvek\u00fcla Kool\">J\u00e4rvek\u00fcla Kool<\/option>\n\t\t\t\t\t\t\t\t\t<option value=\"Kadrioru Saksa G\u00fcmnaasium\">Kadrioru Saksa G\u00fcmnaasium<\/option>\n\t\t\t\t\t\t\t\t\t<option value=\"Kalamaja P\u00f5hikool\">Kalamaja P\u00f5hikool<\/option>\n\t\t\t\t\t\t\t\t\t<option value=\"Karjamaa P\u00f5hikool\">Karjamaa P\u00f5hikool<\/option>\n\t\t\t\t\t\t\t\t\t<option value=\"Kindluse Kool\">Kindluse Kool<\/option>\n\t\t\t\t\t\t\t\t\t<option value=\"Kohtla-J\u00e4rve G\u00fcmnaasium\">Kohtla-J\u00e4rve G\u00fcmnaasium<\/option>\n\t\t\t\t\t\t\t\t\t<option value=\"Kolga Kool\">Kolga Kool<\/option>\n\t\t\t\t\t\t\t\t\t<option value=\"Lasnam\u00e4e G\u00fcmnaasium\">Lasnam\u00e4e G\u00fcmnaasium<\/option>\n\t\t\t\t\t\t\t\t\t<option value=\"Lasnam\u00e4e P\u00f5hikool\">Lasnam\u00e4e P\u00f5hikool<\/option>\n\t\t\t\t\t\t\t\t\t<option value=\"Lasnam\u00e4e Vene G\u00fcmnaasium\">Lasnam\u00e4e Vene G\u00fcmnaasium<\/option>\n\t\t\t\t\t\t\t\t\t<option value=\"Meriv\u00e4lja Kool\">Meriv\u00e4lja Kool<\/option>\n\t\t\t\t\t\t\t\t\t<option value=\"MUBA (Tallinna Muusika- ja Balletikool)\">MUBA (Tallinna Muusika- ja Balletikool)<\/option>\n\t\t\t\t\t\t\t\t\t<option value=\"Peetri Kool\">Peetri Kool<\/option>\n\t\t\t\t\t\t\t\t\t<option value=\"Pelgulinna G\u00fcmnaasium\">Pelgulinna G\u00fcmnaasium<\/option>\n\t\t\t\t\t\t\t\t\t<option value=\"Pirita Majandusg\u00fcmnaasium\">Pirita Majandusg\u00fcmnaasium<\/option>\n\t\t\t\t\t\t\t\t\t<option value=\"Ristiku P\u00f5hikool\">Ristiku P\u00f5hikool<\/option>\n\t\t\t\t\t\t\t\t\t<option value=\"Tallinna 21. Kool\">Tallinna 21. Kool<\/option>\n\t\t\t\t\t\t\t\t\t<option value=\"Tallinna 32. Keskkool\">Tallinna 32. Keskkool<\/option>\n\t\t\t\t\t\t\t\t\t<option value=\"Tallinna 53. Keskkool\">Tallinna 53. Keskkool<\/option>\n\t\t\t\t\t\t\t\t\t<option value=\"Tallinna Arte G\u00fcmnaasium\">Tallinna Arte G\u00fcmnaasium<\/option>\n\t\t\t\t\t\t\t\t\t<option value=\"Tallinna Heleni Kool\">Tallinna Heleni Kool<\/option>\n\t\t\t\t\t\t\t\t\t<option value=\"Tallinna Humanitaarg\u00fcmnaasium\">Tallinna Humanitaarg\u00fcmnaasium<\/option>\n\t\t\t\t\t\t\t\t\t<option value=\"Tallinna Inglise Kolled\u017e\">Tallinna Inglise Kolled\u017e<\/option>\n\t\t\t\t\t\t\t\t\t<option value=\"Tallinna Juudi Kool\">Tallinna Juudi Kool<\/option>\n\t\t\t\t\t\t\t\t\t<option value=\"Tallinna J\u00e4rveotsa G\u00fcmnaasium\">Tallinna J\u00e4rveotsa G\u00fcmnaasium<\/option>\n\t\t\t\t\t\t\t\t\t<option value=\"Tallinna Kadaka P\u00f5hikool\">Tallinna Kadaka P\u00f5hikool<\/option>\n\t\t\t\t\t\t\t\t\t<option value=\"Tallinna Kesklinna Vene G\u00fcmnaasium\">Tallinna Kesklinna Vene G\u00fcmnaasium<\/option>\n\t\t\t\t\t\t\t\t\t<option value=\"Tallinna Kivim\u00e4e P\u00f5hikool\">Tallinna Kivim\u00e4e P\u00f5hikool<\/option>\n\t\t\t\t\t\t\t\t\t<option value=\"Tallinna Kopli Ametikool\">Tallinna Kopli Ametikool<\/option>\n\t\t\t\t\t\t\t\t\t<option value=\"Tallinna Kristiine G\u00fcmnaasium\">Tallinna Kristiine G\u00fcmnaasium<\/option>\n\t\t\t\t\t\t\t\t\t<option value=\"Tallinna Kunstig\u00fcmnaasium\">Tallinna Kunstig\u00fcmnaasium<\/option>\n\t\t\t\t\t\t\t\t\t<option value=\"Tallinna Kuristiku G\u00fcmnaasium\">Tallinna Kuristiku G\u00fcmnaasium<\/option>\n\t\t\t\t\t\t\t\t\t<option value=\"Tallinna Laagna G\u00fcmnaasium\">Tallinna Laagna G\u00fcmnaasium<\/option>\n\t\t\t\t\t\t\t\t\t<option value=\"Tallinna Laagna Lasteaed-P\u00f5hikool\">Tallinna Laagna Lasteaed-P\u00f5hikool<\/option>\n\t\t\t\t\t\t\t\t\t<option value=\"Tallinna Lillek\u00fcla G\u00fcmnaasium\">Tallinna Lillek\u00fcla G\u00fcmnaasium<\/option>\n\t\t\t\t\t\t\t\t\t<option value=\"Tallinna Linnam\u00e4e Vene L\u00fctseum\">Tallinna Linnam\u00e4e Vene L\u00fctseum<\/option>\n\t\t\t\t\t\t\t\t\t<option value=\"Tallinna L\u00e4\u00e4nemere G\u00fcmnaasium\">Tallinna L\u00e4\u00e4nemere G\u00fcmnaasium<\/option>\n\t\t\t\t\t\t\t\t\t<option value=\"Tallinna Mahtra P\u00f5hikool\">Tallinna Mahtra P\u00f5hikool<\/option>\n\t\t\t\t\t\t\t\t\t<option value=\"Tallinna Mustam\u00e4e G\u00fcmnaasium\">Tallinna Mustam\u00e4e G\u00fcmnaasium<\/option>\n\t\t\t\t\t\t\t\t\t<option value=\"Tallinna Mustam\u00e4e Humanitaarg\u00fcmnaasium\">Tallinna Mustam\u00e4e Humanitaarg\u00fcmnaasium<\/option>\n\t\t\t\t\t\t\t\t\t<option value=\"Tallinna Mustam\u00e4e Reaalg\u00fcmnaasium\">Tallinna Mustam\u00e4e Reaalg\u00fcmnaasium<\/option>\n\t\t\t\t\t\t\t\t\t<option value=\"Tallinna Mustj\u00f5e G\u00fcmnaasium\">Tallinna Mustj\u00f5e G\u00fcmnaasium<\/option>\n\t\t\t\t\t\t\t\t\t<option value=\"Tallinna N\u00f5mme G\u00fcmnaasium\">Tallinna N\u00f5mme G\u00fcmnaasium<\/option>\n\t\t\t\t\t\t\t\t\t<option value=\"Tallinna N\u00f5mme P\u00f5hikool\">Tallinna N\u00f5mme P\u00f5hikool<\/option>\n\t\t\t\t\t\t\t\t\t<option value=\"Tallinna Pae G\u00fcmnaasium\">Tallinna Pae G\u00fcmnaasium<\/option>\n\t\t\t\t\t\t\t\t\t<option value=\"Tallinna Prantsuse L\u00fctseum\">Tallinna Prantsuse L\u00fctseum<\/option>\n\t\t\t\t\t\t\t\t\t<option value=\"Tallinna P\u00e4\u00e4sk\u00fcla Kool\">Tallinna P\u00e4\u00e4sk\u00fcla Kool<\/option>\n\t\t\t\t\t\t\t\t\t<option value=\"Tallinna Rahum\u00e4e P\u00f5hikool\">Tallinna Rahum\u00e4e P\u00f5hikool<\/option>\n\t\t\t\t\t\t\t\t\t<option value=\"Tallinna Reaalkool\">Tallinna Reaalkool<\/option>\n\t\t\t\t\t\t\t\t\t<option value=\"Tallinna Saksa G\u00fcmnaasium\">Tallinna Saksa G\u00fcmnaasium<\/option>\n\t\t\t\t\t\t\t\t\t<option value=\"Tallinna S\u00fcdalinna Kool\">Tallinna S\u00fcdalinna Kool<\/option>\n\t\t\t\t\t\t\t\t\t<option value=\"Tallinna Teeninduskool\">Tallinna Teeninduskool<\/option>\n\t\t\t\t\t\t\t\t\t<option value=\"Tallinna Tehnikag\u00fcmnaasium\">Tallinna Tehnikag\u00fcmnaasium<\/option>\n\t\t\t\t\t\t\t\t\t<option value=\"Tallinna Tondi P\u00f5hikool\">Tallinna Tondi P\u00f5hikool<\/option>\n\t\t\t\t\t\t\t\t\t<option value=\"Tallinna Toomkool\">Tallinna Toomkool<\/option>\n\t\t\t\t\t\t\t\t\t<option value=\"Tallinna T\u00f5nism\u00e4e Reaalkool\">Tallinna T\u00f5nism\u00e4e Reaalkool<\/option>\n\t\t\t\t\t\t\t\t\t<option value=\"Tallinna T\u00e4iskasvanute G\u00fcmnaasium\">Tallinna T\u00e4iskasvanute G\u00fcmnaasium<\/option>\n\t\t\t\t\t\t\t\t\t<option value=\"Tallinna Vanalinna T\u00e4iskasvanute G\u00fcmnaasium\">Tallinna Vanalinna T\u00e4iskasvanute G\u00fcmnaasium<\/option>\n\t\t\t\t\t\t\t\t\t<option value=\"Tallinna \u00d5ism\u00e4e G\u00fcmnaasium\">Tallinna \u00d5ism\u00e4e G\u00fcmnaasium<\/option>\n\t\t\t\t\t\t\t\t\t<option value=\"Tallinna \u00d5ism\u00e4e Vene L\u00fctseum\">Tallinna \u00d5ism\u00e4e Vene L\u00fctseum<\/option>\n\t\t\t\t\t\t\t\t\t<option value=\"Tallinna \u00dchisg\u00fcmnaasium\">Tallinna \u00dchisg\u00fcmnaasium<\/option>\n\t\t\t\t\t\t\t\t\t<option value=\"Vanalinna Hariduskolleegium\">Vanalinna Hariduskolleegium<\/option>\n\t\t\t\t\t\t\t\t\t<option value=\"\u00c4\u00e4sm\u00e4e P\u00f5hikool\">\u00c4\u00e4sm\u00e4e P\u00f5hikool<\/option>\n\t\t\t\t\t\t\t<\/select>\n\t\t<\/div>\n\t\t\t\t\t\t<\/div>\n\t\t\t\t\t\t\t\t<div class=\"elementor-field-type-text elementor-field-group elementor-column elementor-field-group-class elementor-col-100 elementor-field-required elementor-mark-required\">\n\t\t\t\t\t\t\t\t\t\t\t\t<label for=\"form-field-class\" class=\"elementor-field-label\">\n\t\t\t\t\t\t\t\tKlass\t\t\t\t\t\t\t<\/label>\n\t\t\t\t\t\t\t\t\t\t\t\t\t\t<input size=\"1\" type=\"text\" name=\"form_fields[class]\" id=\"form-field-class\" class=\"elementor-field elementor-size-md  elementor-field-textual\" required=\"required\" aria-required=\"true\">\n\t\t\t\t\t\t\t\t\t\t\t<\/div>\n\t\t\t\t\t\t\t\t<div class=\"elementor-field-type-upload elementor-field-group elementor-column elementor-field-group-picture elementor-col-100 elementor-field-required elementor-mark-required\">\n\t\t\t\t\t\t\t\t\t\t\t\t<label for=\"form-field-picture\" class=\"elementor-field-label\">\n\t\t\t\t\t\t\t\tPilt\t\t\t\t\t\t\t<\/label>\n\t\t\t\t\t\t\t\t<input type=\"file\" name=\"form_fields[picture]\" id=\"form-field-picture\" class=\"elementor-field elementor-size-md  elementor-upload-field\" required=\"required\" aria-required=\"true\" data-maxsize=\"5\" data-maxsize-message=\"This file exceeds the maximum allowed size.\">\n\n\t\t\t\t\t\t<\/div>\n\t\t\t\t\t\t\t\t<div class=\"elementor-field-type-tel elementor-field-group elementor-column elementor-field-group-phone elementor-col-100\">\n\t\t\t\t\t\t\t\t\t\t\t\t<label for=\"form-field-phone\" class=\"elementor-field-label\">\n\t\t\t\t\t\t\t\t\u00d5pilase telefon\t\t\t\t\t\t\t<\/label>\n\t\t\t\t\t\t\t\t<input size=\"1\" type=\"tel\" name=\"form_fields[phone]\" id=\"form-field-phone\" class=\"elementor-field elementor-size-md  elementor-field-textual\" placeholder=\"M-pileti kasutamiseks\" pattern=\"[0-9()#&amp;+*-=.]+\" title=\"Only numbers and phone characters (#, -, *, etc) are accepted.\">\n\n\t\t\t\t\t\t<\/div>\n\t\t\t\t\t\t\t\t<div class=\"elementor-field-type-email elementor-field-group elementor-column elementor-field-group-email elementor-col-100\">\n\t\t\t\t\t\t\t\t\t\t\t\t<label for=\"form-field-email\" class=\"elementor-field-label\">\n\t\t\t\t\t\t\t\t\u00d5pilase epost\t\t\t\t\t\t\t<\/label>\n\t\t\t\t\t\t\t\t\t\t\t\t\t\t<input size=\"1\" type=\"email\" name=\"form_fields[email]\" id=\"form-field-email\" class=\"elementor-field elementor-size-md  elementor-field-textual\">\n\t\t\t\t\t\t\t\t\t\t\t<\/div>\n\t\t\t\t\t\t\t\t<div class=\"elementor-field-type-email elementor-field-group elementor-column elementor-field-group-parent_email elementor-col-100\">\n\t\t\t\t\t\t\t\t\t\t\t\t<label for=\"form-field-parent_email\" class=\"elementor-field-label\">\n\t\t\t\t\t\t\t\tLapsevanema epost\t\t\t\t\t\t\t<\/label>\n\t\t\t\t\t\t\t\t\t\t\t\t\t\t<input size=\"1\" type=\"email\" name=\"form_fields[parent_email]\" id=\"form-field-parent_email\" class=\"elementor-field elementor-size-md  elementor-field-textual\" placeholder=\"Registreerimise kinnituse saamiseks\">\n\t\t\t\t\t\t\t\t\t\t\t<\/div>\n\t\t\t\t\t\t\t\t<div class=\"elementor-field-group elementor-column elementor-field-type-submit elementor-col-100 e-form__buttons\">\n\t\t\t\t\t<button type=\"submit\" class=\"elementor-button elementor-size-md\">\n\t\t\t\t\t\t<span >\n\t\t\t\t\t\t\t\t\t\t\t\t\t\t\t<span class=\"elementor-button-icon\">\n\t\t\t\t\t\t\t\t\t\t\t\t\t\t\t\t\t\t\t\t\t\t\t\t\t\t<\/span>\n\t\t\t\t\t\t\t\t\t\t\t\t\t\t\t\t\t\t\t\t\t\t<span class=\"elementor-button-text\">Registreeri<\/span>\n\t\t\t\t\t\t\t\t\t\t\t\t\t<\/span>\n\t\t\t\t\t<\/button>\n\t\t\t\t<\/div>\n\t\t\t<\/div>\n\t\t<input type=\"hidden\" name=\"trp-form-language\" value=\"et\"\/><\/form>\n\t\t\t\t<\/div>\n\t\t\t\t<\/div>\n\t\t\t\t\t\t<\/div>\n\t\t\t\t\t<\/div>\n\t\t<\/div>\n\t\t\t\t\t\t\t\t<\/div>\n\t\t\t\t\t<\/div>\n\t\t<\/section>\n\t\t\t\t\t\t<\/div>\n\t\t\t\t\t<\/div>\n\t\t<\/div>\n\t\t\t\t\t\t\t\t<\/div>\n\t\t\t\t\t<\/div>\n\t\t<\/section>\n\t\t\t\t\t\t\t\t\t<\/div>\n\t\t\t<\/div>\n\t\t\t\t\t<\/div>","protected":false},"excerpt":{"rendered":"<p>\u00d5pilase registreerimine<\/p>","protected":false},"author":4,"featured_media":0,"parent":0,"menu_order":0,"comment_status":"closed","ping_status":"closed","template":"","meta":{"_lmt_disableupdate":"no","_lmt_disable":"","site-sidebar-layout":"no-sidebar","site-content-layout":"page-builder","ast-global-header-display":"","ast-main-header-display":"","ast-hfb-above-header-display":"","ast-hfb-below-header-display":"","ast-hfb-mobile-header-display":"","site-post-title":"disabled","ast-breadcrumbs-content":"","ast-featured-img":"disabled","footer-sml-layout":"","theme-transparent-header-meta":"default","adv-header-id-meta":"","stick-header-meta":"","header-above-stick-meta":"","header-main-stick-meta":"","header-below-stick-meta":""},"categories":[],"tags":[],"aioseo_notices":[],"_links":{"self":[{"href":"https:\/\/www.idnetwork.eu\/et\/wp-json\/wp\/v2\/pages\/1758"}],"collection":[{"href":"https:\/\/www.idnetwork.eu\/et\/wp-json\/wp\/v2\/pages"}],"about":[{"href":"https:\/\/www.idnetwork.eu\/et\/wp-json\/wp\/v2\/types\/page"}],"author":[{"embeddable":true,"href":"https:\/\/www.idnetwork.eu\/et\/wp-json\/wp\/v2\/users\/4"}],"replies":[{"embeddable":true,"href":"https:\/\/www.idnetwork.eu\/et\/wp-json\/wp\/v2\/comments?post=1758"}],"version-history":[{"count":59,"href":"https:\/\/www.idnetwork.eu\/et\/wp-json\/wp\/v2\/pages\/1758\/revisions"}],"predecessor-version":[{"id":31445,"href":"https:\/\/www.idnetwork.eu\/et\/wp-json\/wp\/v2\/pages\/1758\/revisions\/31445"}],"wp:attachment":[{"href":"https:\/\/www.idnetwork.eu\/et\/wp-json\/wp\/v2\/media?parent=1758"}],"wp:term":[{"taxonomy":"category","embeddable":true,"href":"https:\/\/www.idnetwork.eu\/et\/wp-json\/wp\/v2\/categories?post=1758"},{"taxonomy":"post_tag","embeddable":true,"href":"https:\/\/www.idnetwork.eu\/et\/wp-json\/wp\/v2\/tags?post=1758"}],"curies":[{"name":"wp","href":"https:\/\/api.w.org\/{rel}","templated":true}]}}