{"id":173,"date":"2019-08-15T18:14:24","date_gmt":"2019-08-15T15:14:24","guid":{"rendered":"https:\/\/www.idnetwork.eu\/about-us\/"},"modified":"2023-02-06T23:21:29","modified_gmt":"2023-02-06T21:21:29","slug":"about-us","status":"publish","type":"page","link":"https:\/\/www.idnetwork.eu\/et\/about-us\/","title":{"rendered":"Meist"},"content":{"rendered":"<div data-elementor-type=\"wp-post\" data-elementor-id=\"173\" class=\"elementor elementor-173\">\n\t\t\t\t\t\t<div class=\"elementor-inner\">\n\t\t\t\t<div class=\"elementor-section-wrap\">\n\t\t\t\t\t\t\t\t\t<section class=\"elementor-section elementor-top-section elementor-element elementor-element-310f5076 elementor-section-full_width elementor-section-height-default elementor-section-height-default\" data-id=\"310f5076\" data-element_type=\"section\" data-settings=\"{&quot;background_background&quot;:&quot;classic&quot;}\">\n\t\t\t\t\t\t\t<div class=\"elementor-background-overlay\"><\/div>\n\t\t\t\t\t\t\t<div class=\"elementor-container elementor-column-gap-no\">\n\t\t\t\t\t\t\t<div class=\"elementor-row\">\n\t\t\t\t\t<div class=\"elementor-column elementor-col-100 elementor-top-column elementor-element elementor-element-43d60cee\" data-id=\"43d60cee\" data-element_type=\"column\">\n\t\t\t<div class=\"elementor-column-wrap elementor-element-populated\">\n\t\t\t\t\t\t\t<div class=\"elementor-widget-wrap\">\n\t\t\t\t\t\t<section class=\"elementor-section elementor-inner-section elementor-element elementor-element-10f9753d elementor-section-full_width elementor-section-height-default elementor-section-height-default\" data-id=\"10f9753d\" data-element_type=\"section\">\n\t\t\t\t\t\t<div class=\"elementor-container elementor-column-gap-no\">\n\t\t\t\t\t\t\t<div class=\"elementor-row\">\n\t\t\t\t\t<div class=\"elementor-column elementor-col-100 elementor-inner-column elementor-element elementor-element-7f5c0f04\" data-id=\"7f5c0f04\" data-element_type=\"column\">\n\t\t\t<div class=\"elementor-column-wrap elementor-element-populated\">\n\t\t\t\t\t\t\t<div class=\"elementor-widget-wrap\">\n\t\t\t\t\t\t<div class=\"elementor-element elementor-element-e49ef3e elementor-widget elementor-widget-spacer\" data-id=\"e49ef3e\" data-element_type=\"widget\" data-widget_type=\"spacer.default\">\n\t\t\t\t<div class=\"elementor-widget-container\">\n\t\t\t\t\t<div class=\"elementor-spacer\">\n\t\t\t<div class=\"elementor-spacer-inner\"><\/div>\n\t\t<\/div>\n\t\t\t\t<\/div>\n\t\t\t\t<\/div>\n\t\t\t\t<div class=\"elementor-element elementor-element-ed860e3 elementor-invisible elementor-widget elementor-widget-image\" data-id=\"ed860e3\" data-element_type=\"widget\" data-settings=\"{&quot;_animation&quot;:&quot;fadeIn&quot;}\" data-widget_type=\"image.default\">\n\t\t\t\t<div class=\"elementor-widget-container\">\n\t\t\t\t\t\t\t\t<div class=\"elementor-image\">\n\t\t\t\t\t\t\t\t\t\t\t\t<img width=\"129\" height=\"140\" src=\"https:\/\/www.idnetwork.eu\/wp-content\/uploads\/icon-id-network-02.png\" class=\"attachment-full size-full wp-image-195\" alt=\"\" loading=\"lazy\" \/>\t\t\t\t\t\t\t\t\t\t\t\t\t\t<\/div>\n\t\t\t\t\t\t<\/div>\n\t\t\t\t<\/div>\n\t\t\t\t\t\t<\/div>\n\t\t\t\t\t<\/div>\n\t\t<\/div>\n\t\t\t\t\t\t\t\t<\/div>\n\t\t\t\t\t<\/div>\n\t\t<\/section>\n\t\t\t\t\t\t<\/div>\n\t\t\t\t\t<\/div>\n\t\t<\/div>\n\t\t\t\t\t\t\t\t<\/div>\n\t\t\t\t\t<\/div>\n\t\t<\/section>\n\t\t\t\t<section class=\"elementor-section elementor-top-section elementor-element elementor-element-4923c5bb elementor-section-boxed elementor-section-height-default elementor-section-height-default\" data-id=\"4923c5bb\" data-element_type=\"section\">\n\t\t\t\t\t\t<div class=\"elementor-container elementor-column-gap-no\">\n\t\t\t\t\t\t\t<div class=\"elementor-row\">\n\t\t\t\t\t<div class=\"elementor-column elementor-col-33 elementor-top-column elementor-element elementor-element-6deb2593\" data-id=\"6deb2593\" data-element_type=\"column\">\n\t\t\t<div class=\"elementor-column-wrap elementor-element-populated\">\n\t\t\t\t\t\t\t<div class=\"elementor-widget-wrap\">\n\t\t\t\t\t\t<div class=\"elementor-element elementor-element-7b8753d7 elementor-invisible elementor-widget elementor-widget-image\" data-id=\"7b8753d7\" data-element_type=\"widget\" data-settings=\"{&quot;_animation&quot;:&quot;fadeIn&quot;}\" data-widget_type=\"image.default\">\n\t\t\t\t<div class=\"elementor-widget-container\">\n\t\t\t\t\t\t\t\t<div class=\"elementor-image\">\n\t\t\t\t\t\t\t\t\t\t\t\t<img width=\"120\" height=\"71\" src=\"https:\/\/www.idnetwork.eu\/wp-content\/uploads\/icon-id-network-new-01.png\" class=\"attachment-full size-full wp-image-278\" alt=\"\" loading=\"lazy\" \/>\t\t\t\t\t\t\t\t\t\t\t\t\t\t<\/div>\n\t\t\t\t\t\t<\/div>\n\t\t\t\t<\/div>\n\t\t\t\t\t\t<\/div>\n\t\t\t\t\t<\/div>\n\t\t<\/div>\n\t\t\t\t<div class=\"elementor-column elementor-col-33 elementor-top-column elementor-element elementor-element-24daa59d\" data-id=\"24daa59d\" data-element_type=\"column\">\n\t\t\t<div class=\"elementor-column-wrap elementor-element-populated\">\n\t\t\t\t\t\t\t<div class=\"elementor-widget-wrap\">\n\t\t\t\t\t\t<div class=\"elementor-element elementor-element-348fc5bc wb-h elementor-widget elementor-widget-heading\" data-id=\"348fc5bc\" data-element_type=\"widget\" data-widget_type=\"heading.default\">\n\t\t\t\t<div class=\"elementor-widget-container\">\n\t\t\t<h2 class=\"elementor-heading-title elementor-size-default\">1999. aastal loodud ID Network sai alguse tulekahju-, valve-, juurdep\u00e4\u00e4su ja videovalves\u00fcsteemide valdkonnast.<\/h2>\t\t<\/div>\n\t\t\t\t<\/div>\n\t\t\t\t<div class=\"elementor-element elementor-element-2bdb3ea wb-p elementor-widget elementor-widget-text-editor\" data-id=\"2bdb3ea\" data-element_type=\"widget\" data-widget_type=\"text-editor.default\">\n\t\t\t\t<div class=\"elementor-widget-container\">\n\t\t\t\t\t\t\t\t<div class=\"elementor-text-editor elementor-clearfix\">\n\t\t\t\t<p>Internetirevolutsiooni abil arendasime tarkvara ja riistvaras\u00fcsteeme, et viia sellised teenused nagu turvalisus, h\u00e4daolukord, juurdep\u00e4\u00e4s ja tuvastamine \u00fchte platvormi. Oma \u00fchekordse lahenduse teenuse t\u00e4iendamiseks kavandasime mobiilirakendused, et pakkuda s\u00f5rmeotstele tipptasemel tehnoloogiat.<\/p><p>Meie pikk ja pidev teekond oma teenuste tipptaseme saavutamiseks maksis dividende, kuna meil on n\u00fc\u00fcd partnerlus selliste maailmas tuntud kaubam\u00e4rkidega nagu Samsung ja Lantronix. Meie tipptasemel s\u00fcsteem haldab 20 miljonit tehingut p\u00e4evas ja seda kasutavad Eesti politsei ja piirivalve, Eesti Riigipank, G4S, Euroopa Komisjon ja Nordea pank.<\/p><p>P\u00e4rast edukat juurutamist Euroopas oleme n\u00fc\u00fcd k\u00e4ivitanud oma teenused L\u00e4his-Idas ja USA-s, et teenindada nendes piirkondades palju miljoneid.<\/p>\t\t\t\t\t<\/div>\n\t\t\t\t\t\t<\/div>\n\t\t\t\t<\/div>\n\t\t\t\t\t\t<\/div>\n\t\t\t\t\t<\/div>\n\t\t<\/div>\n\t\t\t\t<div class=\"elementor-column elementor-col-33 elementor-top-column elementor-element elementor-element-27239892 elementor-hidden-tablet elementor-hidden-phone\" data-id=\"27239892\" data-element_type=\"column\">\n\t\t\t<div class=\"elementor-column-wrap elementor-element-populated\">\n\t\t\t\t\t\t\t<div class=\"elementor-widget-wrap\">\n\t\t\t\t\t\t<div class=\"elementor-element elementor-element-66070f78 animated-slow elementor-invisible elementor-widget elementor-widget-image\" data-id=\"66070f78\" data-element_type=\"widget\" data-settings=\"{&quot;_animation&quot;:&quot;fadeIn&quot;}\" data-widget_type=\"image.default\">\n\t\t\t\t<div class=\"elementor-widget-container\">\n\t\t\t\t\t\t\t\t<div class=\"elementor-image\">\n\t\t\t\t\t\t\t\t\t\t\t\t<img width=\"240\" height=\"197\" src=\"https:\/\/www.idnetwork.eu\/wp-content\/uploads\/logo-id-network-icon-id-01.png\" class=\"attachment-full size-full wp-image-193\" alt=\"\" loading=\"lazy\" \/>\t\t\t\t\t\t\t\t\t\t\t\t\t\t<\/div>\n\t\t\t\t\t\t<\/div>\n\t\t\t\t<\/div>\n\t\t\t\t\t\t<\/div>\n\t\t\t\t\t<\/div>\n\t\t<\/div>\n\t\t\t\t\t\t\t\t<\/div>\n\t\t\t\t\t<\/div>\n\t\t<\/section>\n\t\t\t\t\t\t\t\t\t<\/div>\n\t\t\t<\/div>\n\t\t\t\t\t<\/div>","protected":false},"excerpt":{"rendered":"<p>Established since 1999, ID Network started with fire alarm, burglar access control and video surveillance systems. With the internet revolution, we developed software and hardware systems to bring services such as security, emergency, access and identification into one platform. To complement our One-Stop solution service, we designed mobile applications to give cutting-edge technology at the &hellip;<\/p>\n<p class=\"read-more\"> <a class=\"\" href=\"https:\/\/www.idnetwork.eu\/et\/about-us\/\"> <span class=\"screen-reader-text\">Meist<\/span> Read More &raquo;<\/a><\/p>","protected":false},"author":1,"featured_media":0,"parent":0,"menu_order":0,"comment_status":"closed","ping_status":"closed","template":"","meta":{"_lmt_disableupdate":"","_lmt_disable":"","site-sidebar-layout":"no-sidebar","site-content-layout":"page-builder","ast-global-header-display":"","ast-main-header-display":"","ast-hfb-above-header-display":"","ast-hfb-below-header-display":"","ast-hfb-mobile-header-display":"","site-post-title":"disabled","ast-breadcrumbs-content":"","ast-featured-img":"disabled","footer-sml-layout":"","theme-transparent-header-meta":"","adv-header-id-meta":"","stick-header-meta":"","header-above-stick-meta":"","header-main-stick-meta":"","header-below-stick-meta":""},"categories":[],"tags":[],"aioseo_notices":[],"_links":{"self":[{"href":"https:\/\/www.idnetwork.eu\/et\/wp-json\/wp\/v2\/pages\/173"}],"collection":[{"href":"https:\/\/www.idnetwork.eu\/et\/wp-json\/wp\/v2\/pages"}],"about":[{"href":"https:\/\/www.idnetwork.eu\/et\/wp-json\/wp\/v2\/types\/page"}],"author":[{"embeddable":true,"href":"https:\/\/www.idnetwork.eu\/et\/wp-json\/wp\/v2\/users\/1"}],"replies":[{"embeddable":true,"href":"https:\/\/www.idnetwork.eu\/et\/wp-json\/wp\/v2\/comments?post=173"}],"version-history":[{"count":6,"href":"https:\/\/www.idnetwork.eu\/et\/wp-json\/wp\/v2\/pages\/173\/revisions"}],"predecessor-version":[{"id":12530,"href":"https:\/\/www.idnetwork.eu\/et\/wp-json\/wp\/v2\/pages\/173\/revisions\/12530"}],"wp:attachment":[{"href":"https:\/\/www.idnetwork.eu\/et\/wp-json\/wp\/v2\/media?parent=173"}],"wp:term":[{"taxonomy":"category","embeddable":true,"href":"https:\/\/www.idnetwork.eu\/et\/wp-json\/wp\/v2\/categories?post=173"},{"taxonomy":"post_tag","embeddable":true,"href":"https:\/\/www.idnetwork.eu\/et\/wp-json\/wp\/v2\/tags?post=173"}],"curies":[{"name":"wp","href":"https:\/\/api.w.org\/{rel}","templated":true}]}}